{"id":233,"date":"2020-11-05T15:05:03","date_gmt":"2020-11-05T14:05:03","guid":{"rendered":"https:\/\/www.davit1900.com\/?post_type=product&#038;p=233"},"modified":"2021-11-19T19:07:10","modified_gmt":"2021-11-19T18:07:10","slug":"arancia-e-cioccolato","status":"publish","type":"product","link":"https:\/\/www.davit1900.com\/en\/product\/arancia-e-cioccolato\/","title":{"rendered":"Panettone Arancia e Cioccolato &#8211; 1000g"},"content":{"rendered":"[mk_page_section min_height=&#8221;0&#8243; padding_top=&#8221;0&#8243; padding_bottom=&#8221;0&#8243; sidebar=&#8221;sidebar-1&#8243;][vc_column][vc_tabs style=&#8221;simple&#8221; responsive=&#8221;false&#8221;][vc_tab title=&#8221;CONSERVAZIONE&#8221; tab_id=&#8221;1603988075-2-81&#8243;][vc_column_text css=&#8221;.vc_custom_1605777966210{margin-bottom: 0px !important;}&#8221;]<strong>CONSERVAZIONE<\/strong><br \/>\nConservare in un luogo fresco e asciutto, lontano da odori.[\/vc_column_text][\/vc_tab][vc_tab title=&#8221;INGREDIENTI&#8221; tab_id=&#8221;1603988075-1-31&#8243;][vc_column_text css=&#8221;.vc_custom_1605089366262{margin-bottom: 0px !important;}&#8221;]<strong>INGREDIENTI<\/strong><br \/>\nfarina di FRUMENTO, BURRO, tuorlo d\u2019UOVO, zucchero, gocce di cioccolato 10% (cacao min. 43%-zucchero,<br \/>\npasta di cacao, burro di cacao, emulsionante: lecitina di SOIA, aromi), cubetti di arance<br \/>\ncandite 10% (scorze di arancia, sciroppo di glucosio \u2013 fruttosio, zucchero), lievito madre<br \/>\nnaturale (farina di FRUMENTO, acqua), sciroppo di zucchero invertito, emulsionanti:<br \/>\nmono-e digliceridi degli acidi grassi di origine vegetale, sale, aromi naturali (arancia).<br \/>\nPu\u00f2 contenere tracce di altra FRUTTA A GUSCIO.[\/vc_column_text][\/vc_tab][vc_tab title=&#8221;DICHIARAZIONE NUTRIZIONALE&#8221; tab_id=&#8221;1603988948793-2-4&#8243;][mk_table style=&#8221;style2&#8243;]\n<table width=\"100%\">\n<tbody>\n<tr>\n<td width=\"70%\"><strong>DICHIARAZIONE NUTRIZIONALE<\/strong><\/td>\n<td width=\"30%\"><\/td>\n<\/tr>\n<tr>\n<td width=\"70%\">Valore energetico<\/td>\n<td width=\"30%\">1666 Kj<br \/>\n398 kcal<\/td>\n<\/tr>\n<tr>\n<td width=\"70%\">Carboidrati<br \/>\ndi cui zuccheri<\/td>\n<td width=\"30%\">57 g<br \/>\n35 g<\/td>\n<\/tr>\n<tr>\n<td width=\"70%\">Grassi<br \/>\ndi cui acidi grassi saturi<\/td>\n<td width=\"30%\">16 g<br \/>\n7 g<\/td>\n<\/tr>\n<tr>\n<td width=\"70%\">Proteine<\/td>\n<td width=\"30%\">5,6 g<\/td>\n<\/tr>\n<tr>\n<td width=\"70%\">Sale<\/td>\n<td width=\"30%\">0,2 g<\/td>\n<\/tr>\n<\/tbody>\n<\/table>\n[\/mk_table][\/vc_tab][\/vc_tabs][\/vc_column][\/mk_page_section]\n","protected":false},"excerpt":{"rendered":"<p>Un elogio alle festivit\u00e0 natalizie, fatto di elementi unici e di altissima qualit\u00e0, proprio come tutti i componenti della tua famiglia. Il Panettone Arancia e Cioccolato Davit \u00e8 una strepitosa sinfonia di sapori delicati, che intreccia la morbidezza dell&#8217;impasto con il fragrante profumo dell&#8217;arancia candita e l&#8217;inimitabile cioccolato monorigine fondente al 76%.<\/p>\n<p><em>1000g<\/em><\/p>\n","protected":false},"featured_media":472,"comment_status":"closed","ping_status":"closed","template":"","meta":[],"product_brand":[],"product_cat":[23],"product_tag":[],"class_list":{"0":"post-233","1":"product","2":"type-product","3":"status-publish","4":"has-post-thumbnail","6":"product_cat-panettoni","8":"first","9":"instock","10":"shipping-taxable","11":"purchasable","12":"product-type-simple"},"yoast_head":"<!-- This site is optimized with the Yoast SEO plugin v27.3 - https:\/\/yoast.com\/product\/yoast-seo-wordpress\/ -->\n<title>Panettone Arancia e Cioccolato - 1000g - Davit<\/title>\n<meta name=\"description\" content=\"Panettone Arancia e Cioccolato Davit: un dolce strepitoso, soffice e profumato all&#039;arancia con l&#039;aggiunta di cioccolato artigianale.\" \/>\n<meta name=\"robots\" content=\"index, follow, max-snippet:-1, max-image-preview:large, max-video-preview:-1\" \/>\n<link rel=\"canonical\" href=\"https:\/\/www.davit1900.com\/en\/product\/arancia-e-cioccolato\/\" \/>\n<meta property=\"og:locale\" content=\"en_US\" \/>\n<meta property=\"og:type\" content=\"article\" \/>\n<meta property=\"og:title\" content=\"Panettone Arancia e Cioccolato - 1000g - Davit\" \/>\n<meta property=\"og:description\" content=\"Panettone Arancia e Cioccolato Davit: un dolce strepitoso, soffice e profumato all&#039;arancia con l&#039;aggiunta di cioccolato artigianale.\" \/>\n<meta property=\"og:url\" content=\"https:\/\/www.davit1900.com\/en\/product\/arancia-e-cioccolato\/\" \/>\n<meta property=\"og:site_name\" content=\"Davit\" \/>\n<meta property=\"article:modified_time\" content=\"2021-11-19T18:07:10+00:00\" \/>\n<meta property=\"og:image\" content=\"https:\/\/www.davit1900.com\/wp-content\/uploads\/2020\/11\/arancia-e-cioccolato-1.jpg\" \/>\n\t<meta property=\"og:image:width\" content=\"1200\" \/>\n\t<meta property=\"og:image:height\" content=\"1200\" \/>\n\t<meta property=\"og:image:type\" content=\"image\/jpeg\" \/>\n<meta name=\"twitter:card\" content=\"summary_large_image\" \/>\n<meta name=\"twitter:label1\" content=\"Est. reading time\" \/>\n\t<meta name=\"twitter:data1\" content=\"1 minute\" \/>\n<script type=\"application\/ld+json\" class=\"yoast-schema-graph\">{\"@context\":\"https:\\\/\\\/schema.org\",\"@graph\":[{\"@type\":\"WebPage\",\"@id\":\"https:\\\/\\\/www.davit1900.com\\\/en\\\/product\\\/arancia-e-cioccolato\\\/\",\"url\":\"https:\\\/\\\/www.davit1900.com\\\/en\\\/product\\\/arancia-e-cioccolato\\\/\",\"name\":\"Panettone Arancia e Cioccolato - 1000g - Davit\",\"isPartOf\":{\"@id\":\"https:\\\/\\\/www.davit1900.com\\\/#website\"},\"primaryImageOfPage\":{\"@id\":\"https:\\\/\\\/www.davit1900.com\\\/en\\\/product\\\/arancia-e-cioccolato\\\/#primaryimage\"},\"image\":{\"@id\":\"https:\\\/\\\/www.davit1900.com\\\/en\\\/product\\\/arancia-e-cioccolato\\\/#primaryimage\"},\"thumbnailUrl\":\"https:\\\/\\\/www.davit1900.com\\\/wp-content\\\/uploads\\\/2020\\\/11\\\/arancia-e-cioccolato-1.jpg\",\"datePublished\":\"2020-11-05T14:05:03+00:00\",\"dateModified\":\"2021-11-19T18:07:10+00:00\",\"description\":\"Panettone Arancia e Cioccolato Davit: un dolce strepitoso, soffice e profumato all'arancia con l'aggiunta di cioccolato artigianale.\",\"breadcrumb\":{\"@id\":\"https:\\\/\\\/www.davit1900.com\\\/en\\\/product\\\/arancia-e-cioccolato\\\/#breadcrumb\"},\"inLanguage\":\"en-US\",\"potentialAction\":[{\"@type\":\"ReadAction\",\"target\":[\"https:\\\/\\\/www.davit1900.com\\\/en\\\/product\\\/arancia-e-cioccolato\\\/\"]}]},{\"@type\":\"ImageObject\",\"inLanguage\":\"en-US\",\"@id\":\"https:\\\/\\\/www.davit1900.com\\\/en\\\/product\\\/arancia-e-cioccolato\\\/#primaryimage\",\"url\":\"https:\\\/\\\/www.davit1900.com\\\/wp-content\\\/uploads\\\/2020\\\/11\\\/arancia-e-cioccolato-1.jpg\",\"contentUrl\":\"https:\\\/\\\/www.davit1900.com\\\/wp-content\\\/uploads\\\/2020\\\/11\\\/arancia-e-cioccolato-1.jpg\",\"width\":1200,\"height\":1200},{\"@type\":\"BreadcrumbList\",\"@id\":\"https:\\\/\\\/www.davit1900.com\\\/en\\\/product\\\/arancia-e-cioccolato\\\/#breadcrumb\",\"itemListElement\":[{\"@type\":\"ListItem\",\"position\":1,\"name\":\"Home\",\"item\":\"https:\\\/\\\/www.davit1900.com\\\/en\\\/\"},{\"@type\":\"ListItem\",\"position\":2,\"name\":\"Negozio\",\"item\":\"https:\\\/\\\/www.davit1900.com\\\/negozio\\\/\"},{\"@type\":\"ListItem\",\"position\":3,\"name\":\"Panettone Arancia e Cioccolato &#8211; 1000g\"}]},{\"@type\":\"WebSite\",\"@id\":\"https:\\\/\\\/www.davit1900.com\\\/#website\",\"url\":\"https:\\\/\\\/www.davit1900.com\\\/\",\"name\":\"Davit\",\"description\":\"We Love Chocolate\",\"potentialAction\":[{\"@type\":\"SearchAction\",\"target\":{\"@type\":\"EntryPoint\",\"urlTemplate\":\"https:\\\/\\\/www.davit1900.com\\\/?s={search_term_string}\"},\"query-input\":{\"@type\":\"PropertyValueSpecification\",\"valueRequired\":true,\"valueName\":\"search_term_string\"}}],\"inLanguage\":\"en-US\"}]}<\/script>\n<!-- \/ Yoast SEO plugin. -->","yoast_head_json":{"title":"Panettone Arancia e Cioccolato - 1000g - Davit","description":"Panettone Arancia e Cioccolato Davit: un dolce strepitoso, soffice e profumato all'arancia con l'aggiunta di cioccolato artigianale.","robots":{"index":"index","follow":"follow","max-snippet":"max-snippet:-1","max-image-preview":"max-image-preview:large","max-video-preview":"max-video-preview:-1"},"canonical":"https:\/\/www.davit1900.com\/en\/product\/arancia-e-cioccolato\/","og_locale":"en_US","og_type":"article","og_title":"Panettone Arancia e Cioccolato - 1000g - Davit","og_description":"Panettone Arancia e Cioccolato Davit: un dolce strepitoso, soffice e profumato all'arancia con l'aggiunta di cioccolato artigianale.","og_url":"https:\/\/www.davit1900.com\/en\/product\/arancia-e-cioccolato\/","og_site_name":"Davit","article_modified_time":"2021-11-19T18:07:10+00:00","og_image":[{"width":1200,"height":1200,"url":"https:\/\/www.davit1900.com\/wp-content\/uploads\/2020\/11\/arancia-e-cioccolato-1.jpg","type":"image\/jpeg"}],"twitter_card":"summary_large_image","twitter_misc":{"Est. reading time":"1 minute"},"schema":{"@context":"https:\/\/schema.org","@graph":[{"@type":"WebPage","@id":"https:\/\/www.davit1900.com\/en\/product\/arancia-e-cioccolato\/","url":"https:\/\/www.davit1900.com\/en\/product\/arancia-e-cioccolato\/","name":"Panettone Arancia e Cioccolato - 1000g - Davit","isPartOf":{"@id":"https:\/\/www.davit1900.com\/#website"},"primaryImageOfPage":{"@id":"https:\/\/www.davit1900.com\/en\/product\/arancia-e-cioccolato\/#primaryimage"},"image":{"@id":"https:\/\/www.davit1900.com\/en\/product\/arancia-e-cioccolato\/#primaryimage"},"thumbnailUrl":"https:\/\/www.davit1900.com\/wp-content\/uploads\/2020\/11\/arancia-e-cioccolato-1.jpg","datePublished":"2020-11-05T14:05:03+00:00","dateModified":"2021-11-19T18:07:10+00:00","description":"Panettone Arancia e Cioccolato Davit: un dolce strepitoso, soffice e profumato all'arancia con l'aggiunta di cioccolato artigianale.","breadcrumb":{"@id":"https:\/\/www.davit1900.com\/en\/product\/arancia-e-cioccolato\/#breadcrumb"},"inLanguage":"en-US","potentialAction":[{"@type":"ReadAction","target":["https:\/\/www.davit1900.com\/en\/product\/arancia-e-cioccolato\/"]}]},{"@type":"ImageObject","inLanguage":"en-US","@id":"https:\/\/www.davit1900.com\/en\/product\/arancia-e-cioccolato\/#primaryimage","url":"https:\/\/www.davit1900.com\/wp-content\/uploads\/2020\/11\/arancia-e-cioccolato-1.jpg","contentUrl":"https:\/\/www.davit1900.com\/wp-content\/uploads\/2020\/11\/arancia-e-cioccolato-1.jpg","width":1200,"height":1200},{"@type":"BreadcrumbList","@id":"https:\/\/www.davit1900.com\/en\/product\/arancia-e-cioccolato\/#breadcrumb","itemListElement":[{"@type":"ListItem","position":1,"name":"Home","item":"https:\/\/www.davit1900.com\/en\/"},{"@type":"ListItem","position":2,"name":"Negozio","item":"https:\/\/www.davit1900.com\/negozio\/"},{"@type":"ListItem","position":3,"name":"Panettone Arancia e Cioccolato &#8211; 1000g"}]},{"@type":"WebSite","@id":"https:\/\/www.davit1900.com\/#website","url":"https:\/\/www.davit1900.com\/","name":"Davit","description":"We Love Chocolate","potentialAction":[{"@type":"SearchAction","target":{"@type":"EntryPoint","urlTemplate":"https:\/\/www.davit1900.com\/?s={search_term_string}"},"query-input":{"@type":"PropertyValueSpecification","valueRequired":true,"valueName":"search_term_string"}}],"inLanguage":"en-US"}]}},"_links":{"self":[{"href":"https:\/\/www.davit1900.com\/en\/wp-json\/wp\/v2\/product\/233","targetHints":{"allow":["GET"]}}],"collection":[{"href":"https:\/\/www.davit1900.com\/en\/wp-json\/wp\/v2\/product"}],"about":[{"href":"https:\/\/www.davit1900.com\/en\/wp-json\/wp\/v2\/types\/product"}],"replies":[{"embeddable":true,"href":"https:\/\/www.davit1900.com\/en\/wp-json\/wp\/v2\/comments?post=233"}],"wp:featuredmedia":[{"embeddable":true,"href":"https:\/\/www.davit1900.com\/en\/wp-json\/wp\/v2\/media\/472"}],"wp:attachment":[{"href":"https:\/\/www.davit1900.com\/en\/wp-json\/wp\/v2\/media?parent=233"}],"wp:term":[{"taxonomy":"product_brand","embeddable":true,"href":"https:\/\/www.davit1900.com\/en\/wp-json\/wp\/v2\/product_brand?post=233"},{"taxonomy":"product_cat","embeddable":true,"href":"https:\/\/www.davit1900.com\/en\/wp-json\/wp\/v2\/product_cat?post=233"},{"taxonomy":"product_tag","embeddable":true,"href":"https:\/\/www.davit1900.com\/en\/wp-json\/wp\/v2\/product_tag?post=233"}],"curies":[{"name":"wp","href":"https:\/\/api.w.org\/{rel}","templated":true}]}}