{"id":234,"date":"2020-11-05T15:05:03","date_gmt":"2020-11-05T14:05:03","guid":{"rendered":"https:\/\/www.davit1900.com\/?post_type=product&#038;p=234"},"modified":"2021-11-19T19:07:10","modified_gmt":"2021-11-19T18:07:10","slug":"cioccolato","status":"publish","type":"product","link":"https:\/\/www.davit1900.com\/en\/product\/cioccolato\/","title":{"rendered":"Panettone ricoperto di Cioccolato &#8211; 1000g"},"content":{"rendered":"[mk_page_section min_height=&#8221;0&#8243; padding_top=&#8221;0&#8243; padding_bottom=&#8221;0&#8243; sidebar=&#8221;sidebar-1&#8243;][vc_column][vc_tabs style=&#8221;simple&#8221; responsive=&#8221;false&#8221;][vc_tab title=&#8221;CONSERVAZIONE&#8221; tab_id=&#8221;1603988075-2-81&#8243;][vc_column_text css=&#8221;.vc_custom_1605777746273{margin-bottom: 0px !important;}&#8221;]<strong>CONSERVAZIONE<\/strong><br \/>\nConservare in un luogo fresco e asciutto, lontano da odori.[\/vc_column_text][\/vc_tab][vc_tab title=&#8221;INGREDIENTI&#8221; tab_id=&#8221;1603988075-1-31&#8243;][vc_column_text css=&#8221;.vc_custom_1605089609268{margin-bottom: 0px !important;}&#8221;]<strong>INGREDIENTI<\/strong><br \/>\nfarina di FRUMENTO, uva sultanina, BURRO, tuorlo d\u2019UOVO, zucchero, glassa alle NOCCIOLE 10% (zucchero, albume d\u2019UOVO, NOCCIOLE 9%, farina di riso), scorze di agrumi candite (scorze di arancia, cedro, limone, sciroppo di glucosio \u2013 fruttosio, zucchero), lievito madre naturale (farina di FRUMENTO, acqua), sciroppo di zucchero invertito, MANDORLE di decorazione, Emulsionanti: mono \u2013 e di gliceridi degli acidi grassi di origine vegetale, sale, aromi naturali (arancia). Copertura di cioccolato fondente 25% (cacao minimo 64%, Ingredienti: pasta di cacao, zucchero, burro di cacao, pasta di cacao Ecuador, Emulsionante: lecitina di SOIA, aroma naturale di vaniglia).[\/vc_column_text][\/vc_tab][vc_tab title=&#8221;DICHIARAZIONE NUTRIZIONALE&#8221; tab_id=&#8221;1603988948793-2-4&#8243;][mk_table style=&#8221;style2&#8243;]\n<table width=\"100%\">\n<tbody>\n<tr>\n<td width=\"70%\"><strong>DICHIARAZIONE NUTRIZIONALE<\/strong><\/td>\n<td width=\"30%\"><\/td>\n<\/tr>\n<tr>\n<td width=\"70%\">Valore energetico<\/td>\n<td width=\"30%\">1728 kJ<br \/>\n428 kcal<\/td>\n<\/tr>\n<tr>\n<td width=\"70%\">Carboidrati<br \/>\ndi cui zuccheri<\/td>\n<td width=\"30%\">49,5 g<br \/>\n26,2 g<\/td>\n<\/tr>\n<tr>\n<td width=\"70%\">Grassi<br \/>\ndi cui acidi grassi saturi<\/td>\n<td width=\"30%\">21,7 g<br \/>\n12,5 g<\/td>\n<\/tr>\n<tr>\n<td width=\"70%\">Proteine<\/td>\n<td width=\"30%\">6,7 g<\/td>\n<\/tr>\n<tr>\n<td width=\"70%\">Sale<\/td>\n<td width=\"30%\">0,19 g<\/td>\n<\/tr>\n<\/tbody>\n<\/table>\n[\/mk_table][\/vc_tab][\/vc_tabs][\/vc_column][\/mk_page_section]\n","protected":false},"excerpt":{"rendered":"<p>Una meravigliosa esperienza extrasensoriale, dalla sorprendente morbidezza e dalla glassatura di puro cioccolato Davit. Un dolce ineguagliabile, proprio come il magico periodo natalizio. Il Panettone ricoperto di Cioccolato Davit \u00e8 un&#8217;esplosione di gusto, ricca di tradizione e novit\u00e0. \u00c8 il dessert pi\u00f9 buono ed elegante che si possa servire per soddisfare il palato di chi ama essere sorpreso da golose novit\u00e0.<\/p>\n<p><em>1000g (di cui 750 g di Panettone e 250 g di cioccolato fondente)<\/em><\/p>\n","protected":false},"featured_media":474,"comment_status":"closed","ping_status":"closed","template":"","meta":[],"product_brand":[],"product_cat":[23],"product_tag":[],"class_list":{"0":"post-234","1":"product","2":"type-product","3":"status-publish","4":"has-post-thumbnail","6":"product_cat-panettoni","8":"first","9":"instock","10":"shipping-taxable","11":"purchasable","12":"product-type-simple"},"yoast_head":"<!-- This site is optimized with the Yoast SEO plugin v27.3 - https:\/\/yoast.com\/product\/yoast-seo-wordpress\/ -->\n<title>Panettone ricoperto di Cioccolato - 1000g - Davit<\/title>\n<meta name=\"description\" content=\"Panettone ricoperto di Cioccolato Davit: un&#039;esplosione di gusto, ricca di tradizione e novit\u00e0. Il dessert pi\u00f9 buono ed elegante da servire.\" \/>\n<meta name=\"robots\" content=\"index, follow, max-snippet:-1, max-image-preview:large, max-video-preview:-1\" \/>\n<link rel=\"canonical\" href=\"https:\/\/www.davit1900.com\/en\/product\/cioccolato\/\" \/>\n<meta property=\"og:locale\" content=\"en_US\" \/>\n<meta property=\"og:type\" content=\"article\" \/>\n<meta property=\"og:title\" content=\"Panettone ricoperto di Cioccolato - 1000g - Davit\" \/>\n<meta property=\"og:description\" content=\"Panettone ricoperto di Cioccolato Davit: un&#039;esplosione di gusto, ricca di tradizione e novit\u00e0. Il dessert pi\u00f9 buono ed elegante da servire.\" \/>\n<meta property=\"og:url\" content=\"https:\/\/www.davit1900.com\/en\/product\/cioccolato\/\" \/>\n<meta property=\"og:site_name\" content=\"Davit\" \/>\n<meta property=\"article:modified_time\" content=\"2021-11-19T18:07:10+00:00\" \/>\n<meta property=\"og:image\" content=\"https:\/\/www.davit1900.com\/wp-content\/uploads\/2020\/11\/pandoro-e-panettone.jpg\" \/>\n\t<meta property=\"og:image:width\" content=\"1200\" \/>\n\t<meta property=\"og:image:height\" content=\"1200\" \/>\n\t<meta property=\"og:image:type\" content=\"image\/jpeg\" \/>\n<meta name=\"twitter:card\" content=\"summary_large_image\" \/>\n<meta name=\"twitter:label1\" content=\"Est. reading time\" \/>\n\t<meta name=\"twitter:data1\" content=\"1 minute\" \/>\n<script type=\"application\/ld+json\" class=\"yoast-schema-graph\">{\"@context\":\"https:\\\/\\\/schema.org\",\"@graph\":[{\"@type\":\"WebPage\",\"@id\":\"https:\\\/\\\/www.davit1900.com\\\/en\\\/product\\\/cioccolato\\\/\",\"url\":\"https:\\\/\\\/www.davit1900.com\\\/en\\\/product\\\/cioccolato\\\/\",\"name\":\"Panettone ricoperto di Cioccolato - 1000g - Davit\",\"isPartOf\":{\"@id\":\"https:\\\/\\\/www.davit1900.com\\\/#website\"},\"primaryImageOfPage\":{\"@id\":\"https:\\\/\\\/www.davit1900.com\\\/en\\\/product\\\/cioccolato\\\/#primaryimage\"},\"image\":{\"@id\":\"https:\\\/\\\/www.davit1900.com\\\/en\\\/product\\\/cioccolato\\\/#primaryimage\"},\"thumbnailUrl\":\"https:\\\/\\\/www.davit1900.com\\\/wp-content\\\/uploads\\\/2020\\\/11\\\/pandoro-e-panettone.jpg\",\"datePublished\":\"2020-11-05T14:05:03+00:00\",\"dateModified\":\"2021-11-19T18:07:10+00:00\",\"description\":\"Panettone ricoperto di Cioccolato Davit: un'esplosione di gusto, ricca di tradizione e novit\u00e0. Il dessert pi\u00f9 buono ed elegante da servire.\",\"breadcrumb\":{\"@id\":\"https:\\\/\\\/www.davit1900.com\\\/en\\\/product\\\/cioccolato\\\/#breadcrumb\"},\"inLanguage\":\"en-US\",\"potentialAction\":[{\"@type\":\"ReadAction\",\"target\":[\"https:\\\/\\\/www.davit1900.com\\\/en\\\/product\\\/cioccolato\\\/\"]}]},{\"@type\":\"ImageObject\",\"inLanguage\":\"en-US\",\"@id\":\"https:\\\/\\\/www.davit1900.com\\\/en\\\/product\\\/cioccolato\\\/#primaryimage\",\"url\":\"https:\\\/\\\/www.davit1900.com\\\/wp-content\\\/uploads\\\/2020\\\/11\\\/pandoro-e-panettone.jpg\",\"contentUrl\":\"https:\\\/\\\/www.davit1900.com\\\/wp-content\\\/uploads\\\/2020\\\/11\\\/pandoro-e-panettone.jpg\",\"width\":1200,\"height\":1200},{\"@type\":\"BreadcrumbList\",\"@id\":\"https:\\\/\\\/www.davit1900.com\\\/en\\\/product\\\/cioccolato\\\/#breadcrumb\",\"itemListElement\":[{\"@type\":\"ListItem\",\"position\":1,\"name\":\"Home\",\"item\":\"https:\\\/\\\/www.davit1900.com\\\/en\\\/\"},{\"@type\":\"ListItem\",\"position\":2,\"name\":\"Negozio\",\"item\":\"https:\\\/\\\/www.davit1900.com\\\/negozio\\\/\"},{\"@type\":\"ListItem\",\"position\":3,\"name\":\"Panettone ricoperto di Cioccolato &#8211; 1000g\"}]},{\"@type\":\"WebSite\",\"@id\":\"https:\\\/\\\/www.davit1900.com\\\/#website\",\"url\":\"https:\\\/\\\/www.davit1900.com\\\/\",\"name\":\"Davit\",\"description\":\"We Love Chocolate\",\"potentialAction\":[{\"@type\":\"SearchAction\",\"target\":{\"@type\":\"EntryPoint\",\"urlTemplate\":\"https:\\\/\\\/www.davit1900.com\\\/?s={search_term_string}\"},\"query-input\":{\"@type\":\"PropertyValueSpecification\",\"valueRequired\":true,\"valueName\":\"search_term_string\"}}],\"inLanguage\":\"en-US\"}]}<\/script>\n<!-- \/ Yoast SEO plugin. -->","yoast_head_json":{"title":"Panettone ricoperto di Cioccolato - 1000g - Davit","description":"Panettone ricoperto di Cioccolato Davit: un'esplosione di gusto, ricca di tradizione e novit\u00e0. Il dessert pi\u00f9 buono ed elegante da servire.","robots":{"index":"index","follow":"follow","max-snippet":"max-snippet:-1","max-image-preview":"max-image-preview:large","max-video-preview":"max-video-preview:-1"},"canonical":"https:\/\/www.davit1900.com\/en\/product\/cioccolato\/","og_locale":"en_US","og_type":"article","og_title":"Panettone ricoperto di Cioccolato - 1000g - Davit","og_description":"Panettone ricoperto di Cioccolato Davit: un'esplosione di gusto, ricca di tradizione e novit\u00e0. Il dessert pi\u00f9 buono ed elegante da servire.","og_url":"https:\/\/www.davit1900.com\/en\/product\/cioccolato\/","og_site_name":"Davit","article_modified_time":"2021-11-19T18:07:10+00:00","og_image":[{"width":1200,"height":1200,"url":"https:\/\/www.davit1900.com\/wp-content\/uploads\/2020\/11\/pandoro-e-panettone.jpg","type":"image\/jpeg"}],"twitter_card":"summary_large_image","twitter_misc":{"Est. reading time":"1 minute"},"schema":{"@context":"https:\/\/schema.org","@graph":[{"@type":"WebPage","@id":"https:\/\/www.davit1900.com\/en\/product\/cioccolato\/","url":"https:\/\/www.davit1900.com\/en\/product\/cioccolato\/","name":"Panettone ricoperto di Cioccolato - 1000g - Davit","isPartOf":{"@id":"https:\/\/www.davit1900.com\/#website"},"primaryImageOfPage":{"@id":"https:\/\/www.davit1900.com\/en\/product\/cioccolato\/#primaryimage"},"image":{"@id":"https:\/\/www.davit1900.com\/en\/product\/cioccolato\/#primaryimage"},"thumbnailUrl":"https:\/\/www.davit1900.com\/wp-content\/uploads\/2020\/11\/pandoro-e-panettone.jpg","datePublished":"2020-11-05T14:05:03+00:00","dateModified":"2021-11-19T18:07:10+00:00","description":"Panettone ricoperto di Cioccolato Davit: un'esplosione di gusto, ricca di tradizione e novit\u00e0. Il dessert pi\u00f9 buono ed elegante da servire.","breadcrumb":{"@id":"https:\/\/www.davit1900.com\/en\/product\/cioccolato\/#breadcrumb"},"inLanguage":"en-US","potentialAction":[{"@type":"ReadAction","target":["https:\/\/www.davit1900.com\/en\/product\/cioccolato\/"]}]},{"@type":"ImageObject","inLanguage":"en-US","@id":"https:\/\/www.davit1900.com\/en\/product\/cioccolato\/#primaryimage","url":"https:\/\/www.davit1900.com\/wp-content\/uploads\/2020\/11\/pandoro-e-panettone.jpg","contentUrl":"https:\/\/www.davit1900.com\/wp-content\/uploads\/2020\/11\/pandoro-e-panettone.jpg","width":1200,"height":1200},{"@type":"BreadcrumbList","@id":"https:\/\/www.davit1900.com\/en\/product\/cioccolato\/#breadcrumb","itemListElement":[{"@type":"ListItem","position":1,"name":"Home","item":"https:\/\/www.davit1900.com\/en\/"},{"@type":"ListItem","position":2,"name":"Negozio","item":"https:\/\/www.davit1900.com\/negozio\/"},{"@type":"ListItem","position":3,"name":"Panettone ricoperto di Cioccolato &#8211; 1000g"}]},{"@type":"WebSite","@id":"https:\/\/www.davit1900.com\/#website","url":"https:\/\/www.davit1900.com\/","name":"Davit","description":"We Love Chocolate","potentialAction":[{"@type":"SearchAction","target":{"@type":"EntryPoint","urlTemplate":"https:\/\/www.davit1900.com\/?s={search_term_string}"},"query-input":{"@type":"PropertyValueSpecification","valueRequired":true,"valueName":"search_term_string"}}],"inLanguage":"en-US"}]}},"_links":{"self":[{"href":"https:\/\/www.davit1900.com\/en\/wp-json\/wp\/v2\/product\/234","targetHints":{"allow":["GET"]}}],"collection":[{"href":"https:\/\/www.davit1900.com\/en\/wp-json\/wp\/v2\/product"}],"about":[{"href":"https:\/\/www.davit1900.com\/en\/wp-json\/wp\/v2\/types\/product"}],"replies":[{"embeddable":true,"href":"https:\/\/www.davit1900.com\/en\/wp-json\/wp\/v2\/comments?post=234"}],"wp:featuredmedia":[{"embeddable":true,"href":"https:\/\/www.davit1900.com\/en\/wp-json\/wp\/v2\/media\/474"}],"wp:attachment":[{"href":"https:\/\/www.davit1900.com\/en\/wp-json\/wp\/v2\/media?parent=234"}],"wp:term":[{"taxonomy":"product_brand","embeddable":true,"href":"https:\/\/www.davit1900.com\/en\/wp-json\/wp\/v2\/product_brand?post=234"},{"taxonomy":"product_cat","embeddable":true,"href":"https:\/\/www.davit1900.com\/en\/wp-json\/wp\/v2\/product_cat?post=234"},{"taxonomy":"product_tag","embeddable":true,"href":"https:\/\/www.davit1900.com\/en\/wp-json\/wp\/v2\/product_tag?post=234"}],"curies":[{"name":"wp","href":"https:\/\/api.w.org\/{rel}","templated":true}]}}