{"id":575,"date":"2020-11-10T16:01:16","date_gmt":"2020-11-10T15:01:16","guid":{"rendered":"https:\/\/www.davit1900.com\/?post_type=product&#038;p=575"},"modified":"2021-11-19T19:07:09","modified_gmt":"2021-11-19T18:07:09","slug":"pandoro-con-crema-fondente","status":"publish","type":"product","link":"https:\/\/www.davit1900.com\/en\/product\/pandoro-con-crema-fondente\/","title":{"rendered":"Pandoro con Crema Fondente &#8211; 750g"},"content":{"rendered":"[mk_page_section min_height=&#8221;0&#8243; padding_top=&#8221;0&#8243; padding_bottom=&#8221;0&#8243; sidebar=&#8221;sidebar-1&#8243;][vc_column][vc_tabs style=&#8221;simple&#8221; responsive=&#8221;false&#8221;][vc_tab title=&#8221;CONSERVAZIONE&#8221; tab_id=&#8221;1603988075-2-81&#8243;][vc_column_text css=&#8221;.vc_custom_1605777861199{margin-bottom: 0px !important;}&#8221;]<strong>CONSERVAZIONE<\/strong><br \/>\nConservare in un luogo fresco e asciutto, lontano da odori.[\/vc_column_text][\/vc_tab][vc_tab title=&#8221;INGREDIENTI&#8221; tab_id=&#8221;1603988075-1-31&#8243;][vc_column_text css=&#8221;.vc_custom_1605089768625{margin-bottom: 0px !important;}&#8221;]<strong>INGREDIENTI PANDORO<\/strong><br \/>\nfarina di FRUMENTO, UOVA, zucchero, BURRO, LATTE intero fresco pastorizzato, lievito naturale (contiene FRUMENTO), fruttosio. Emulsionanti: mono \u2013 e di gliceridi degli acidi grassi di origine vegetale, burro di cacao, sale, aromi. Pu\u00f2 contenere tracce di FRUTTA A GUSCIO e SOIA.<br \/>\nBustina di zucchero a velo. Ingredienti: zucchero, amidi di FRUMENTO, aromi.[\/vc_column_text][vc_column_text css=&#8221;.vc_custom_1605090085791{margin-bottom: 0px !important;}&#8221;]<strong>INGREDIENTI CREMA FONDENTE<\/strong><br \/>\nCacao in polvere, olio di girasole, zucchero, pasta di NOCCIOLE IGP Piemonte , burro di cacao, Emulsionante: lecitina di girasole . Pu\u00f2 contenere tracce di FRUTTA A GUSCIO, LATTE e SOIA.[\/vc_column_text][\/vc_tab][vc_tab title=&#8221;DICHIARAZIONE NUTRIZIONALE&#8221; tab_id=&#8221;1603988948793-2-4&#8243;][mk_table style=&#8221;style2&#8243;]\n<table width=\"100%\">\n<tbody>\n<tr>\n<td width=\"70%\"><strong>DICHIARAZIONE NUTRIZIONALE PANDORO<\/strong><\/td>\n<td width=\"30%\"><\/td>\n<\/tr>\n<tr>\n<td width=\"70%\">Valore energetico<\/td>\n<td width=\"30%\">1704 kJ<br \/>\n407 kcal<\/td>\n<\/tr>\n<tr>\n<td width=\"70%\">Carboidrati<br \/>\ndi cui zuccheri<\/td>\n<td width=\"30%\">49 g<br \/>\n22 g<\/td>\n<\/tr>\n<tr>\n<td width=\"70%\">Grassi<br \/>\ndi cui acidi grassi saturi<\/td>\n<td width=\"30%\">20 g<br \/>\n13 g<\/td>\n<\/tr>\n<tr>\n<td width=\"70%\">Proteine<\/td>\n<td width=\"30%\">8 g<\/td>\n<\/tr>\n<tr>\n<td width=\"70%\">Sale<\/td>\n<td width=\"30%\">0,67 g<\/td>\n<\/tr>\n<\/tbody>\n<\/table>\n[\/mk_table][mk_table style=&#8221;style2&#8243;]\n<table width=\"100%\">\n<tbody>\n<tr>\n<td width=\"70%\"><strong>DICHIARAZIONE NUTRIZIONALE CREMA FONDENTE<\/strong><\/td>\n<td width=\"30%\"><\/td>\n<\/tr>\n<tr>\n<td width=\"70%\">Valore energetico<\/td>\n<td width=\"30%\">2375 kJ<br \/>\n569 kcal<\/td>\n<\/tr>\n<tr>\n<td width=\"70%\">Carboidrati<br \/>\ndi cui zuccheri<\/td>\n<td width=\"30%\">30 g<br \/>\n26,6 g<\/td>\n<\/tr>\n<tr>\n<td width=\"70%\">Grassi<br \/>\ndi cui acidi grassi saturi<\/td>\n<td width=\"30%\">44 g<br \/>\n5 g<\/td>\n<\/tr>\n<tr>\n<td width=\"70%\">Proteine<\/td>\n<td width=\"30%\">8 g<\/td>\n<\/tr>\n<tr>\n<td width=\"70%\">Fibre<\/td>\n<td width=\"30%\">9,8 g<\/td>\n<\/tr>\n<tr>\n<td width=\"70%\">Sale<\/td>\n<td width=\"30%\">0,02 g<\/td>\n<\/tr>\n<\/tbody>\n<\/table>\n[\/mk_table][\/vc_tab][\/vc_tabs][\/vc_column][\/mk_page_section]\n","protected":false},"excerpt":{"rendered":"<p>Il pi\u00f9 classico dei dolci natalizi si sposa con la garantita qualit\u00e0 e l&#8217;inconfondibile sapore della crema di cioccolato fondente e Nocciole Piemonte IGP, dando vita alla pi\u00f9 golosa reinterpretazione della tradizione natalizia. Tutta la qualit\u00e0 e il sapore del cioccolato Davit, esaltati da un soffice pandoro, in un abbinamento garantito dalla sapiente lavorazione artigianale e che rispetta fedelmente la ricetta originale del 1900.<\/p>\n<p><em>750 g<\/em><\/p>\n","protected":false},"featured_media":767,"comment_status":"closed","ping_status":"closed","template":"","meta":[],"product_brand":[],"product_cat":[23],"product_tag":[],"class_list":{"0":"post-575","1":"product","2":"type-product","3":"status-publish","4":"has-post-thumbnail","6":"product_cat-panettoni","8":"first","9":"instock","10":"shipping-taxable","11":"purchasable","12":"product-type-simple"},"yoast_head":"<!-- This site is optimized with the Yoast SEO plugin v27.3 - https:\/\/yoast.com\/product\/yoast-seo-wordpress\/ -->\n<title>Pandoro con Crema Fondente - 750g - Davit<\/title>\n<meta name=\"description\" content=\"Tutta la qualit\u00e0 e il sapore della crema di cioccolato fondente e nocciole di Piemonte IGP Davit, esaltati da un soffice pandoro.\" \/>\n<meta name=\"robots\" content=\"index, follow, max-snippet:-1, max-image-preview:large, max-video-preview:-1\" \/>\n<link rel=\"canonical\" href=\"https:\/\/www.davit1900.com\/en\/product\/pandoro-con-crema-fondente\/\" \/>\n<meta property=\"og:locale\" content=\"en_US\" \/>\n<meta property=\"og:type\" content=\"article\" \/>\n<meta property=\"og:title\" content=\"Pandoro con Crema Fondente - 750g - Davit\" \/>\n<meta property=\"og:description\" content=\"Tutta la qualit\u00e0 e il sapore della crema di cioccolato fondente e nocciole di Piemonte IGP Davit, esaltati da un soffice pandoro.\" \/>\n<meta property=\"og:url\" content=\"https:\/\/www.davit1900.com\/en\/product\/pandoro-con-crema-fondente\/\" \/>\n<meta property=\"og:site_name\" content=\"Davit\" \/>\n<meta property=\"article:modified_time\" content=\"2021-11-19T18:07:09+00:00\" \/>\n<meta property=\"og:image\" content=\"https:\/\/www.davit1900.com\/wp-content\/uploads\/2020\/11\/pandoro-fondente-3.jpg\" \/>\n\t<meta property=\"og:image:width\" content=\"1200\" \/>\n\t<meta property=\"og:image:height\" content=\"1200\" \/>\n\t<meta property=\"og:image:type\" content=\"image\/jpeg\" \/>\n<meta name=\"twitter:card\" content=\"summary_large_image\" \/>\n<meta name=\"twitter:label1\" content=\"Est. reading time\" \/>\n\t<meta name=\"twitter:data1\" content=\"1 minute\" \/>\n<script type=\"application\/ld+json\" class=\"yoast-schema-graph\">{\"@context\":\"https:\\\/\\\/schema.org\",\"@graph\":[{\"@type\":\"WebPage\",\"@id\":\"https:\\\/\\\/www.davit1900.com\\\/en\\\/product\\\/pandoro-con-crema-fondente\\\/\",\"url\":\"https:\\\/\\\/www.davit1900.com\\\/en\\\/product\\\/pandoro-con-crema-fondente\\\/\",\"name\":\"Pandoro con Crema Fondente - 750g - Davit\",\"isPartOf\":{\"@id\":\"https:\\\/\\\/www.davit1900.com\\\/#website\"},\"primaryImageOfPage\":{\"@id\":\"https:\\\/\\\/www.davit1900.com\\\/en\\\/product\\\/pandoro-con-crema-fondente\\\/#primaryimage\"},\"image\":{\"@id\":\"https:\\\/\\\/www.davit1900.com\\\/en\\\/product\\\/pandoro-con-crema-fondente\\\/#primaryimage\"},\"thumbnailUrl\":\"https:\\\/\\\/www.davit1900.com\\\/wp-content\\\/uploads\\\/2020\\\/11\\\/pandoro-fondente-3.jpg\",\"datePublished\":\"2020-11-10T15:01:16+00:00\",\"dateModified\":\"2021-11-19T18:07:09+00:00\",\"description\":\"Tutta la qualit\u00e0 e il sapore della crema di cioccolato fondente e nocciole di Piemonte IGP Davit, esaltati da un soffice pandoro.\",\"breadcrumb\":{\"@id\":\"https:\\\/\\\/www.davit1900.com\\\/en\\\/product\\\/pandoro-con-crema-fondente\\\/#breadcrumb\"},\"inLanguage\":\"en-US\",\"potentialAction\":[{\"@type\":\"ReadAction\",\"target\":[\"https:\\\/\\\/www.davit1900.com\\\/en\\\/product\\\/pandoro-con-crema-fondente\\\/\"]}]},{\"@type\":\"ImageObject\",\"inLanguage\":\"en-US\",\"@id\":\"https:\\\/\\\/www.davit1900.com\\\/en\\\/product\\\/pandoro-con-crema-fondente\\\/#primaryimage\",\"url\":\"https:\\\/\\\/www.davit1900.com\\\/wp-content\\\/uploads\\\/2020\\\/11\\\/pandoro-fondente-3.jpg\",\"contentUrl\":\"https:\\\/\\\/www.davit1900.com\\\/wp-content\\\/uploads\\\/2020\\\/11\\\/pandoro-fondente-3.jpg\",\"width\":1200,\"height\":1200},{\"@type\":\"BreadcrumbList\",\"@id\":\"https:\\\/\\\/www.davit1900.com\\\/en\\\/product\\\/pandoro-con-crema-fondente\\\/#breadcrumb\",\"itemListElement\":[{\"@type\":\"ListItem\",\"position\":1,\"name\":\"Home\",\"item\":\"https:\\\/\\\/www.davit1900.com\\\/en\\\/\"},{\"@type\":\"ListItem\",\"position\":2,\"name\":\"Negozio\",\"item\":\"https:\\\/\\\/www.davit1900.com\\\/negozio\\\/\"},{\"@type\":\"ListItem\",\"position\":3,\"name\":\"Pandoro con Crema Fondente &#8211; 750g\"}]},{\"@type\":\"WebSite\",\"@id\":\"https:\\\/\\\/www.davit1900.com\\\/#website\",\"url\":\"https:\\\/\\\/www.davit1900.com\\\/\",\"name\":\"Davit\",\"description\":\"We Love Chocolate\",\"potentialAction\":[{\"@type\":\"SearchAction\",\"target\":{\"@type\":\"EntryPoint\",\"urlTemplate\":\"https:\\\/\\\/www.davit1900.com\\\/?s={search_term_string}\"},\"query-input\":{\"@type\":\"PropertyValueSpecification\",\"valueRequired\":true,\"valueName\":\"search_term_string\"}}],\"inLanguage\":\"en-US\"}]}<\/script>\n<!-- \/ Yoast SEO plugin. -->","yoast_head_json":{"title":"Pandoro con Crema Fondente - 750g - Davit","description":"Tutta la qualit\u00e0 e il sapore della crema di cioccolato fondente e nocciole di Piemonte IGP Davit, esaltati da un soffice pandoro.","robots":{"index":"index","follow":"follow","max-snippet":"max-snippet:-1","max-image-preview":"max-image-preview:large","max-video-preview":"max-video-preview:-1"},"canonical":"https:\/\/www.davit1900.com\/en\/product\/pandoro-con-crema-fondente\/","og_locale":"en_US","og_type":"article","og_title":"Pandoro con Crema Fondente - 750g - Davit","og_description":"Tutta la qualit\u00e0 e il sapore della crema di cioccolato fondente e nocciole di Piemonte IGP Davit, esaltati da un soffice pandoro.","og_url":"https:\/\/www.davit1900.com\/en\/product\/pandoro-con-crema-fondente\/","og_site_name":"Davit","article_modified_time":"2021-11-19T18:07:09+00:00","og_image":[{"width":1200,"height":1200,"url":"https:\/\/www.davit1900.com\/wp-content\/uploads\/2020\/11\/pandoro-fondente-3.jpg","type":"image\/jpeg"}],"twitter_card":"summary_large_image","twitter_misc":{"Est. reading time":"1 minute"},"schema":{"@context":"https:\/\/schema.org","@graph":[{"@type":"WebPage","@id":"https:\/\/www.davit1900.com\/en\/product\/pandoro-con-crema-fondente\/","url":"https:\/\/www.davit1900.com\/en\/product\/pandoro-con-crema-fondente\/","name":"Pandoro con Crema Fondente - 750g - Davit","isPartOf":{"@id":"https:\/\/www.davit1900.com\/#website"},"primaryImageOfPage":{"@id":"https:\/\/www.davit1900.com\/en\/product\/pandoro-con-crema-fondente\/#primaryimage"},"image":{"@id":"https:\/\/www.davit1900.com\/en\/product\/pandoro-con-crema-fondente\/#primaryimage"},"thumbnailUrl":"https:\/\/www.davit1900.com\/wp-content\/uploads\/2020\/11\/pandoro-fondente-3.jpg","datePublished":"2020-11-10T15:01:16+00:00","dateModified":"2021-11-19T18:07:09+00:00","description":"Tutta la qualit\u00e0 e il sapore della crema di cioccolato fondente e nocciole di Piemonte IGP Davit, esaltati da un soffice pandoro.","breadcrumb":{"@id":"https:\/\/www.davit1900.com\/en\/product\/pandoro-con-crema-fondente\/#breadcrumb"},"inLanguage":"en-US","potentialAction":[{"@type":"ReadAction","target":["https:\/\/www.davit1900.com\/en\/product\/pandoro-con-crema-fondente\/"]}]},{"@type":"ImageObject","inLanguage":"en-US","@id":"https:\/\/www.davit1900.com\/en\/product\/pandoro-con-crema-fondente\/#primaryimage","url":"https:\/\/www.davit1900.com\/wp-content\/uploads\/2020\/11\/pandoro-fondente-3.jpg","contentUrl":"https:\/\/www.davit1900.com\/wp-content\/uploads\/2020\/11\/pandoro-fondente-3.jpg","width":1200,"height":1200},{"@type":"BreadcrumbList","@id":"https:\/\/www.davit1900.com\/en\/product\/pandoro-con-crema-fondente\/#breadcrumb","itemListElement":[{"@type":"ListItem","position":1,"name":"Home","item":"https:\/\/www.davit1900.com\/en\/"},{"@type":"ListItem","position":2,"name":"Negozio","item":"https:\/\/www.davit1900.com\/negozio\/"},{"@type":"ListItem","position":3,"name":"Pandoro con Crema Fondente &#8211; 750g"}]},{"@type":"WebSite","@id":"https:\/\/www.davit1900.com\/#website","url":"https:\/\/www.davit1900.com\/","name":"Davit","description":"We Love Chocolate","potentialAction":[{"@type":"SearchAction","target":{"@type":"EntryPoint","urlTemplate":"https:\/\/www.davit1900.com\/?s={search_term_string}"},"query-input":{"@type":"PropertyValueSpecification","valueRequired":true,"valueName":"search_term_string"}}],"inLanguage":"en-US"}]}},"_links":{"self":[{"href":"https:\/\/www.davit1900.com\/en\/wp-json\/wp\/v2\/product\/575","targetHints":{"allow":["GET"]}}],"collection":[{"href":"https:\/\/www.davit1900.com\/en\/wp-json\/wp\/v2\/product"}],"about":[{"href":"https:\/\/www.davit1900.com\/en\/wp-json\/wp\/v2\/types\/product"}],"replies":[{"embeddable":true,"href":"https:\/\/www.davit1900.com\/en\/wp-json\/wp\/v2\/comments?post=575"}],"wp:featuredmedia":[{"embeddable":true,"href":"https:\/\/www.davit1900.com\/en\/wp-json\/wp\/v2\/media\/767"}],"wp:attachment":[{"href":"https:\/\/www.davit1900.com\/en\/wp-json\/wp\/v2\/media?parent=575"}],"wp:term":[{"taxonomy":"product_brand","embeddable":true,"href":"https:\/\/www.davit1900.com\/en\/wp-json\/wp\/v2\/product_brand?post=575"},{"taxonomy":"product_cat","embeddable":true,"href":"https:\/\/www.davit1900.com\/en\/wp-json\/wp\/v2\/product_cat?post=575"},{"taxonomy":"product_tag","embeddable":true,"href":"https:\/\/www.davit1900.com\/en\/wp-json\/wp\/v2\/product_tag?post=575"}],"curies":[{"name":"wp","href":"https:\/\/api.w.org\/{rel}","templated":true}]}}